{"id":7931,"date":"2026-03-09T15:55:17","date_gmt":"2026-03-09T18:55:17","guid":{"rendered":"https:\/\/diasediasadvogados.com.br\/?page_id=7931"},"modified":"2026-03-09T15:58:15","modified_gmt":"2026-03-09T18:58:15","slug":"politica-de-privacidade","status":"publish","type":"page","link":"https:\/\/diasediasadvogados.com.br\/blog\/politica-de-privacidade\/","title":{"rendered":"Pol\u00edtica de Privacidade"},"content":{"rendered":"\t\t<div data-elementor-type=\"wp-page\" data-elementor-id=\"7931\" class=\"elementor elementor-7931\" data-elementor-post-type=\"page\">\n\t\t\t\t<div class=\"elementor-element elementor-element-c1f4ab2 e-flex e-con-boxed e-con e-parent\" data-id=\"c1f4ab2\" data-element_type=\"container\" data-e-type=\"container\">\n\t\t\t\t\t<div class=\"e-con-inner\">\n\t\t\t\t<div class=\"elementor-element elementor-element-54c7544 elementor-widget elementor-widget-text-editor\" data-id=\"54c7544\" data-element_type=\"widget\" data-e-type=\"widget\" data-widget_type=\"text-editor.default\">\n\t\t\t\t<div class=\"elementor-widget-container\">\n\t\t\t\t\t\t\t\t\t<p>Quando voc\u00ea acessa nosso site e\/ou preencher qualquer formul\u00e1rio para contatar o Seu Cart\u00e3o Agora, pode ser necess\u00e1rio ser feita a coleta de alguns dados pessoais. Nosso portal se preocupa e trata com todo o rigor que exige a lei todos os dados pessoais dos nossos usu\u00e1rios.<\/p><p>Somos o\u00a0<strong>Dias &amp; Dias Cidadania Italiana<\/strong>\u00a0e, declaramos seguir nesta pol\u00edtica de privacidade, tudo o que prev\u00ea a Lei Geral de Prote\u00e7\u00e3o de Dados (LGPD) \u2013 (Lei Federal n\u00ba 13.709.2018), General Data Protection Regulation (GDPR), California Consumer Privacy Act (CCPA), New York Stop Hacks and Improve Electronic Data Security Act (NY SHIELD) e demais leis de prote\u00e7\u00e3o de dados.<\/p><p>Para facilitar o seu entendimento, todas as vezes que aqui for mencionado \u201cDias &amp; Dias Cidadania Italiana\u201d, \u201cn\u00f3s\u201d, \u201cnosso\u201d ou \u201cnossos\u201d, estamos nos referindo ao portal\u00a0<strong>Dias &amp; Dias Cidadania Italiana<\/strong>\u00a0.\u00a0Em contrapartida, quando for utilizado \u201cusu\u00e1rio\u201d, \u201cvoc\u00ea\u201d, \u201cseu\u201d, \u201ccliente\u201d ou \u201csua\u201d, estamos nos referindo ao titular dos dados coletados.<\/p><p>Ainda com o intuito de facilitar o entendimento sobre nossa pol\u00edtica de privacidade, segue abaixo um resumo com as principais informa\u00e7\u00f5es.<\/p><table><tbody><tr><td><p><b>Agente de tratamento<\/b>:<\/p><\/td><td><p>Dias &amp; Dias Cidadania Italiana<\/p><\/td><\/tr><tr><td><p><b>Natureza dos dados tratados<\/b>:<\/p><\/td><td><p>S\u00e3o dados pessoais disponibilizados pelo pr\u00f3prio usu\u00e1rio para poder contatar o Dias &amp; Dias Cidadania Italiana; e Dados coletados de forma autom\u00e1tica dos dispositivos que o usu\u00e1rio utiliza para utilizar a plataforma do Dias &amp; Dias Cidadania Italiana.<\/p><\/td><\/tr><tr><td><p><b>Papel no tratamento<\/b><\/p><\/td><td><p>Predominantemente controlador dos dados pessoais coletados.<\/p><\/td><\/tr><tr><td><p><b>Finalidades como Controlador<\/b><\/p><\/td><td><p>Viabilizar o contato entre n\u00f3s e o usu\u00e1rio, bem como uma melhor experi\u00eancia de navega\u00e7\u00e3o atrav\u00e9s da plataforma do Dias &amp; Dias Cidadania Italiana; Usar os dados pessoais dos usu\u00e1rios para oferecer produtos e servi\u00e7os; Para campanhas publicit\u00e1rias, envio de informa\u00e7\u00f5es, produtos, descontos, cupons, promo\u00e7\u00f5es, convites, felicita\u00e7\u00f5es e divulga\u00e7\u00e3o de eventos.\u00a0\u00a0<\/p><p><b>Base legal:<\/b>\u00a0fundamentado no consentimento do titular dos dados.<\/p><br \/><p>Armazenar os relat\u00f3rios de registros de acesso, cumprir com as exig\u00eancias legais e\/ou fiscais, dentre outras obriga\u00e7\u00f5es legais.<\/p><p><b>Base legal:\u00a0<\/b>fundamento no cumprimento de obriga\u00e7\u00e3o legal<\/p><\/td><\/tr><tr><td><p><b>Compartilhamento<\/b><\/p><\/td><td><p>O Dias &amp; Dias Cidadania Italiana\u00a0n\u00e3o compartilha os dados coletados por n\u00f3s a terceiros sem que haja o consentimento do titular dos dados. O compartilhamento de dados acontece com operadores e prestadores de servi\u00e7o.\u00a0\u00a0<\/p><\/td><\/tr><tr><td><p><b>Prote\u00e7\u00e3o de dados<\/b><\/p><\/td><td><p>S\u00e3o as medidas t\u00e9cnicas internas para garantir a seguran\u00e7a dos dados coletados.\u00a0<\/p><\/td><\/tr><tr><td><p><b>Seus direitos<\/b><\/p><\/td><td><p>O usu\u00e1rio pode a qualquer tempo, mediante pedido formal, acessar, corrigir, revogar consentimento, anonimiza\u00e7\u00e3o, portabilidade etc. informa\u00e7\u00f5es inerentes aos dados coletados.<\/p><\/td><\/tr><\/tbody><\/table><p>Superado este breve resumo, esperamos que essa pol\u00edtica de privacidade lhe ajude a: (i) entender os motivos que nos levam a coletar os seus dados pessoais; (ii) compreender quando esses dados ser\u00e3o compartilhados; e (iii) conhecer e entender os seus direitos op\u00e7\u00f5es e poder de escolha.\u00a0<\/p><p>O Dias &amp; Dias Cidadania Italiana\u00a0se compromete em ser sempre transparente e indicar a finalidade do tratamento dos seus dados pessoais e acima de tudo respeitar e proteger o seu consentimento e a sua privacidade.<\/p><h2><b>1 \u2013 A quem se aplica a Pol\u00edtica de Privacidade do site Dias &amp; Dias Cidadania Italiana<\/b><\/h2><p>Essa pol\u00edtica de privacidade \u00e9 aplic\u00e1vel a todos os que acessam o site<a href=\"http:\/\/https\/\/diasediasadvogados.com.br\/\">\u00a0https:\/\/diasediasadvogados.com.br\/\u00a0<\/a>e\/ou utilizarem o formul\u00e1rio de contato, seja por meio de smartphone, tablet, notebook, computador ou dispositivos semelhantes, independente de se tornarem pacientes ou n\u00e3o.<\/p><h2><b>2 \u2013 Quais s\u00e3o os dados que coletamos e a finalidade do tratamento<\/b><\/h2><p>Durante a sua navega\u00e7\u00e3o na plataforma do Dias &amp; Dias Cidadania Italiana\u00a0alguns dados podem ser coletados. Nessa experi\u00eancia s\u00e3o coletados diversos dados, de diversas maneiras, para diversos fins, os quais ser\u00e3o detalhados logo abaixo.<\/p><h3><b>2.1 \u2013 Dados Pessoais<\/b><\/h3><ul><li>Nome do usu\u00e1rio;<\/li><li>Endere\u00e7o eletr\u00f4nico; e<\/li><li>Telefone.<\/li><\/ul><p><b>Finalidade do tratamento:<\/b>\u00a0Esses dados s\u00e3o coletados para viabilizar a resposta ao usu\u00e1rio que utilizou nossa plataforma para entrar em contato por meio do formul\u00e1rio, bem como viabilizar a execu\u00e7\u00e3o dos servi\u00e7os contratados, identifica\u00e7\u00e3o correta do usu\u00e1rio, entrar em contato, enviar ofertas etc.<\/p><h3><b>2.2 \u2013 Dados de utiliza\u00e7\u00e3o da nossa plataforma<\/b><\/h3><ul><li>Intera\u00e7\u00f5es com a Plataforma;\u00a0<\/li><li>Data e hora do envio de informa\u00e7\u00f5es;<\/li><li>Informa\u00e7\u00f5es demogr\u00e1ficas<\/li><li>Informa\u00e7\u00f5es de URL;<\/li><li>Dados de cookies;<\/li><li>Dados t\u00e9cnicos;<\/li><li>Tipo e atributos dos dispositivo;<\/li><li>Tipo de conex\u00e3o com a rede de computadores;<\/li><li>Idioma;<\/li><li>Navegador;<\/li><li>Sistema operacional.<\/li><\/ul><p><b>Finalidade do tratamento:<\/b>\u00a0Coletamos e\u00a0 guardamos esses dados para ter registros do uso da plataforma, pode ser utilizado para identificar o respons\u00e1vel, conforme o Marco Civil da Internet e outras legisla\u00e7\u00f5es que acarretem obriga\u00e7\u00f5es.<\/p><h2><b>3 \u2013 Com quem podemos compartilhar os dados coletados<\/b><\/h2><p>Para realizar todos os servi\u00e7os previstos nesta Pol\u00edtica de Privacidades, faz necess\u00e1rios que dados coletados por n\u00f3s sejam compartilhados em algumas ocasi\u00f5es, com colaboradores e\/ou empresas parceiras e\/ou contratadas.<\/p><h3><b>3.1 \u2013\u00a0 Colaboradores, prestadores de servi\u00e7os e filiais\u00a0<\/b><\/h3><p>Para que nossos servi\u00e7os possam ser realizados com o m\u00e1ximo empenho, precisamos com o apoio dos nossos colaboradores em diversos setores que tratam dos dados pessoais que coletamos. Al\u00e9m disso, ao efetuar alguma a\u00e7\u00e3o no site, quando necess\u00e1rio, ser\u00e1 compartilhado com os colaboradores e\/ou prestadores de servi\u00e7os e nossas filiais, para que realizem o atendimento, agendamento e outros servi\u00e7os necess\u00e1rios.<\/p><h3><b>3.2 \u2013 Autoridades judiciais, governamentais e\/ou policiais<\/b><\/h3><p>O Dias &amp; Dias Cidadania Italiana\u00a0tem conduta colaborativa frente \u00e0s autoridades do nosso pa\u00eds, cumprindo com as obriga\u00e7\u00f5es legais ou regulat\u00f3rias que lhe couber, fornecendo os dados pessoais dos usu\u00e1rios da plataforma a essas autoridades em caso de ordem judicial ou solicita\u00e7\u00e3o administrativa.<\/p><h3><b>3.3 \u2013 Operadores de marketing e remarketing<\/b><\/h3><p>Os dados do usu\u00e1rio, coletados com o uso da plataforma, poder\u00e3o ser tratados em opera\u00e7\u00f5es de marketing e remarketing do\u00a0Nome do Site\u00a0ou por terceiros contratados com esse fim.<\/p><h3><b>3.4 \u2013 Potenciais compradores<\/b><\/h3><p>Em caso de transa\u00e7\u00f5es e\/ou altera\u00e7\u00f5es societ\u00e1rias, podemos compartilhar os dados pessoais coletados com empresas terceiras, seja essa negocia\u00e7\u00e3o do todo ou de parte do Dias &amp; Dias Cidadania Italiana.<\/p><h3><b>3.5 \u2013 Outras formas<\/b><\/h3><p>Poderemos ainda compartilhar os dados coletados de outras maneiras desde que esse modo passe por novo consentimento do usu\u00e1rio para garantir a adequa\u00e7\u00e3o.<\/p><h2><b>4 \u2013 Seguran\u00e7a e armazenamento dos dados pessoais coletados<\/b><\/h2><p>N\u00f3s estamos sempre empenhados em manter todos os dados pessoais coletados dos nossos usu\u00e1rios armazenados de forma segura. Esse armazenamento \u00e9 feito de maneira nacional, seguindo toda legisla\u00e7\u00e3o vigente que trata do assunto.<\/p><p>Al\u00e9m disso, o Dias &amp; Dias Cidadania Italiana\u00a0busca adotar e sempre manter atualizada as t\u00e9cnicas para prote\u00e7\u00e3o dos dados pessoais coletados por meio da nossa plataforma, para evitar acessos n\u00e3o permitidos, perda, fraude etc ou qualquer forma inadequada de tratamento de dados.<\/p><p>Entretanto, n\u00e3o existe nenhuma plataforma 100% segura, sendo assim, n\u00e3o temos como garantir totalmente a seguran\u00e7a e privacidade de todos os dados coletados. Caso voc\u00ea tenha alguma suspeita ou preocupa\u00e7\u00e3o de seus dados estarem em risco, contate-nos atrav\u00e9s de nossos canais de atendimento para receber nosso suporte.<\/p><p>Os dados pessoais coletados ser\u00e3o mantidos pelo tempo que o usu\u00e1rio for ativo em nossa plataforma. Passado esta fase, poderemos manter os seus dados fornecidos pelo per\u00edodo necess\u00e1rio, respeitando a legisla\u00e7\u00e3o vigente, para realizar auditorias, cumprimento de exig\u00eancias legais, regulamenta\u00e7\u00f5es etc.<\/p><h2><b>5 \u2013 Cookies e outras tecnologias de monitoramento<\/b><\/h2><p>N\u00f3s podemos utilizar tecnologias como Cookies, Pixels, Analytics, Web Beacon e outras semelhantes em nossa plataforma para melhorar, facilitar e\/ou adaptar a plataforma a necessidade e tamb\u00e9m ao interesse de cada usu\u00e1rio.<\/p><h3><b>5.1 \u2013 Cookies:\u00a0<\/b><\/h3><p>S\u00e3o pequenos arquivos que s\u00e3o adicionados ao dispositivo dos nossos usu\u00e1rios, para personalizar e melhorar a sua experi\u00eancia na plataforma. Al\u00e9m disso, estes cookies servem para analisar o tr\u00e1fego e permite saber que o usu\u00e1rio navegou por determinados sites. Esta tecnologia n\u00e3o d\u00e1 acesso aos dispositivos do usu\u00e1rio ou coleta informa\u00e7\u00f5es que o usu\u00e1rio optou por n\u00e3o informar, \u00e9 coletado apenas o que voc\u00ea escolheu nos informar.<\/p><h3><b>5.1.1 \u2013 Configura\u00e7\u00f5es do navegador<\/b><\/h3><p>Voc\u00ea pode clicar no \u201cajuda\u201d, dentro das configura\u00e7\u00f5es do navegador que utiliza para ver como impedir de aceitar os cookies, bem como para ser notificado quando receber novos cookies, desativar os que houverem, ver validade etc.\u00a0<\/p><p><a href=\"https:\/\/support.google.com\/chrome\/answer\/95647?co=GENIE.Platform%3DDesktop&amp;oco=1&amp;hl=pt-BR\" rel=\"nofollow noopener\" target=\"_blank\">Google Chrome<\/a>\u00a0|\u00a0<a href=\"https:\/\/support.mozilla.org\/pt-BR\/kb\/gerencie-configuracoes-de-armazenamento-local-de-s\" rel=\"nofollow noopener\" target=\"_blank\">Mozilla Firefox<\/a>\u00a0|\u00a0<a href=\"https:\/\/support.apple.com\/pt-br\/guide\/safari\/sfri11471\/mac\" rel=\"nofollow noopener\" target=\"_blank\">Safari<\/a>\u00a0|\u00a0<a href=\"https:\/\/support.microsoft.com\/pt-br\/help\/17442\/windows-internet-explorer-delete-manage-cookies\" rel=\"nofollow noopener\" target=\"_blank\">Internet Explorer<\/a>\u00a0|\u00a0<a href=\"https:\/\/support.microsoft.com\/pt-br\/help\/4027947\/microsoft-edge-delete-cookies\" rel=\"nofollow noopener\" target=\"_blank\">Microsoft Edge<\/a>\u00a0|\u00a0<a href=\"https:\/\/help.opera.com\/en\/latest\/web-preferences\/#cookies\" rel=\"nofollow noopener\" target=\"_blank\">Opera<\/a><\/p><h3><b>5.2 \u2013 Pixels:\u00a0<\/b><\/h3><p>S\u00e3o c\u00f3digos JavaScripts instalados diretamente na plataforma com objetivo de coletar mais informa\u00e7\u00f5es do comportamento do usu\u00e1rio, identifica\u00e7\u00e3o de padr\u00f5es de acesso, interesses, produtos comprados, sua navega\u00e7\u00e3o, direcionamento de produtos e mais.<\/p><h3><b>5.3 \u2013 Ferramentas de analytics:<\/b><\/h3><p>Essa tecnologia permite ser feita a coleta de informa\u00e7\u00f5es sobre a maneira que os usu\u00e1rios visitam a nossa plataforma, as p\u00e1ginas que voc\u00ea visitou, data, navega\u00e7\u00f5es anteriores etc.<\/p><h3><b>5.4 \u2013 Web beacon:<\/b><\/h3><p>Essa tecnologia permite o mapeamento do p\u00fablico visitante em p\u00e1ginas da web, para identificar determinados comportamentos dos usu\u00e1rios em sites e servidores na web.<\/p><h2><b>6 \u2013 An\u00fancios de Terceiros<\/b><\/h2><h2>O Dias &amp; Dias Cidadania Italiana\u00a0utiliza o\u00a0servi\u00e7o de an\u00fancios de terceiros como Google AdSense, Google Ad Exchange (AdX),\u00a0dentre outros\u2026, para veicular essas publicidades usamos um cookie DoubleClick para veicular an\u00fancios mais relevantes em toda a Web e limitar o n\u00famero de vezes que um determinado an\u00fancio \u00e9 exibido para voc\u00ea.<\/h2><p>Para mais informa\u00e7\u00f5es sobre esses an\u00fancios,\u00a0 consulte os sites oficiais sobre e as suas pol\u00edticas de privacidade.<\/p><p>\u00a0<\/p><h2><b>7 \u2013 Direitos do titular dos dados pessoais coletados<\/b><\/h2><p>Conforme a legisla\u00e7\u00e3o vigente, o Dias &amp; Dias Cidadania Italiana\u00a0tem como prioridade garantir a todos os seus usu\u00e1rios os seguintes direitos:<\/p><p>7.1 \u2013 confirma\u00e7\u00e3o da exist\u00eancia de tratamento;<\/p><p>7.2\u00a0 \u2013 acesso aos dados;<\/p><p>7.3 \u2013 corre\u00e7\u00e3o de dados incompletos, inexatos ou desatualizados;<\/p><p>7.4 \u2013 anonimiza\u00e7\u00e3o, bloqueio ou elimina\u00e7\u00e3o de dados desnecess\u00e1rios, excessivos ou tratados em desconformidade com o disposto nesta Lei;<\/p><p>7.5 \u2013 portabilidade dos dados a outro fornecedor de servi\u00e7o ou produto, mediante requisi\u00e7\u00e3o expressa, de acordo com a regulamenta\u00e7\u00e3o da autoridade nacional, observados os segredos comercial e industrial;<\/p><p>7.6 \u2013 elimina\u00e7\u00e3o dos dados pessoais tratados com o consentimento do titular;<\/p><p>7.7 \u2013 informa\u00e7\u00e3o das entidades p\u00fablicas e privadas com as quais o controlador realizou uso compartilhado de dados;<\/p><p>7.8 \u2013 informa\u00e7\u00e3o sobre a possibilidade de n\u00e3o fornecer consentimento e sobre as consequ\u00eancias da negativa;<\/p><p>7.9 \u2013 revoga\u00e7\u00e3o do consentimento.<\/p><p>Estes podem ser exigidos a qualquer tempo, basta contatar-nos por um dos nossos meios de contato dispon\u00edveis no item 11 desta Pol\u00edtica de Privacidade. As solicita\u00e7\u00f5es ser\u00e3o todas atendidas de forma gratuitas e passar\u00e3o por an\u00e1lise pr\u00e9via da sua identidade e viabilidade da solicita\u00e7\u00e3o.<\/p><h2><b>8 \u2013 Crian\u00e7as e adolescentes<\/b><\/h2><p>Nossa plataforma n\u00e3o \u00e9 destinada para pessoas menores de 18 anos. Deve ser utilizada por adultos.<\/p><p>O site Dias &amp; Dias Cidadania Italiana\u00a0n\u00e3o coleta dados de crian\u00e7as e adolescentes, sendo assim, esses devem se abster de informar e utilizar a nossa plataforma. Caso seja detectada a coleta de dados pessoais de menores, n\u00f3s faremos a exclus\u00e3o destes dados conforme a lei.<\/p><h2><b>9 \u2013 Reten\u00e7\u00e3o e exclus\u00e3o dos dados pessoais coletados<\/b><\/h2><p>N\u00f3s guardaremos os dados coletados pelo lapso temporal que for necess\u00e1rio para que seja conclu\u00eddo os prop\u00f3sitos pelos quais s\u00e3o processadas ou pelo per\u00edodo necess\u00e1rio para satisfazer os requisitos de reten\u00e7\u00e3o exigidos legalmente.<\/p><p>Esse tempo em que for feita a reten\u00e7\u00e3o dos dados pessoais coletados depende da finalidade para qual for coletada e usada conforme as leis em vigor.<\/p><p>Caso solicitado, n\u00f3s excluiremos os dados pessoais da maneira adequada, sem identific\u00e1-lo, ressalvados os casos em que for legalmente permitido ou que sejam obrigat\u00f3rios serem mantidos, sendo estes obriga\u00e7\u00f5es jur\u00eddicas, fiscais, de auditoria de contabilidade entre outras.<\/p><h2><b>10 \u2013 Altera\u00e7\u00f5es da Pol\u00edtica de Privacidade<\/b><\/h2><p>Estamos sempre buscando o melhor para os nossos usu\u00e1rios e clientes e pacientes, por isso, eventualmente, o Dias &amp; Dias Cidadania Italiana\u00a0pode alterar a Pol\u00edtica de Privacidade.<\/p><p>Mas n\u00f3s prezamos pela transpar\u00eancia, assim faremos um comunicado vis\u00edvel e adequado quando houver mudan\u00e7a nessa pol\u00edtica, seja por e-mail ou por qualquer outro meio similar ou n\u00e3o.<\/p><h2><b>11 \u2013 Fale Conosco<\/b><\/h2><p>Voc\u00ea pode falar com o encarregado do tratamento dos dados atrav\u00e9s do ou no e-mail: tiago@diasediasadvogados.com.br\u00a0ou da nossa p\u00e1gina de contato, sempre que tiver alguma d\u00favida ou alguma necessidade de contatar nossa equipe.<\/p><p>\u00c9 importante estar atento (a) e verificar se esta Pol\u00edtica de Privacidade \u00e9 a mais atualizada ao navegar pela nossa plataforma.\u00a0<\/p><p>\u00c9 um prazer enorme para o\u00a0Nome do Site\u00a0responder todos os contatos.<\/p><p><b>\u00daltima atualiza\u00e7\u00e3o:<\/b>\u00a0dia 22 de agosto de 2024<\/p><p><strong>Dias &amp; Dias Cidadania Italiana<\/strong><\/p>\t\t\t\t\t\t\t\t<\/div>\n\t\t\t\t<\/div>\n\t\t\t\t\t<\/div>\n\t\t\t\t<\/div>\n\t\t\t\t<\/div>\n\t\t","protected":false},"excerpt":{"rendered":"<p>Quando voc\u00ea acessa nosso site e\/ou preencher qualquer formul\u00e1rio para contatar o Seu Cart\u00e3o Agora, pode ser necess\u00e1rio ser feita a coleta de alguns dados pessoais. Nosso portal se preocupa e trata com todo o rigor que exige a lei todos os dados pessoais dos nossos usu\u00e1rios. Somos o\u00a0Dias &amp; Dias Cidadania Italiana\u00a0e, declaramos seguir [&hellip;]<\/p>\n","protected":false},"author":11,"featured_media":0,"parent":0,"menu_order":0,"comment_status":"closed","ping_status":"closed","template":"","meta":{"footnotes":""},"class_list":["post-7931","page","type-page","status-publish","hentry"],"_links":{"self":[{"href":"https:\/\/diasediasadvogados.com.br\/blog\/wp-json\/wp\/v2\/pages\/7931","targetHints":{"allow":["GET"]}}],"collection":[{"href":"https:\/\/diasediasadvogados.com.br\/blog\/wp-json\/wp\/v2\/pages"}],"about":[{"href":"https:\/\/diasediasadvogados.com.br\/blog\/wp-json\/wp\/v2\/types\/page"}],"author":[{"embeddable":true,"href":"https:\/\/diasediasadvogados.com.br\/blog\/wp-json\/wp\/v2\/users\/11"}],"replies":[{"embeddable":true,"href":"https:\/\/diasediasadvogados.com.br\/blog\/wp-json\/wp\/v2\/comments?post=7931"}],"version-history":[{"count":4,"href":"https:\/\/diasediasadvogados.com.br\/blog\/wp-json\/wp\/v2\/pages\/7931\/revisions"}],"predecessor-version":[{"id":7935,"href":"https:\/\/diasediasadvogados.com.br\/blog\/wp-json\/wp\/v2\/pages\/7931\/revisions\/7935"}],"wp:attachment":[{"href":"https:\/\/diasediasadvogados.com.br\/blog\/wp-json\/wp\/v2\/media?parent=7931"}],"curies":[{"name":"wp","href":"https:\/\/api.w.org\/{rel}","templated":true}]}}