{"id":2792,"date":"2023-02-23T10:45:33","date_gmt":"2023-02-23T13:45:33","guid":{"rendered":"https:\/\/diasediasadvogados.com.br\/?page_id=2792"},"modified":"2026-03-11T16:22:28","modified_gmt":"2026-03-11T19:22:28","slug":"conheca-a-italia","status":"publish","type":"page","link":"https:\/\/diasediasadvogados.com.br\/blog\/","title":{"rendered":"Conhe\u00e7a a It\u00e1lia"},"content":{"rendered":"\t\t<div data-elementor-type=\"wp-page\" data-elementor-id=\"2792\" class=\"elementor elementor-2792\" data-elementor-post-type=\"page\">\n\t\t\t\t<div class=\"elementor-element elementor-element-fcc87b2 e-flex e-con-boxed e-con e-parent\" data-id=\"fcc87b2\" data-element_type=\"container\" data-e-type=\"container\">\n\t\t\t\t\t<div class=\"e-con-inner\">\n\t\t\t\t\t<\/div>\n\t\t\t\t<\/div>\n\t\t<div class=\"elementor-element elementor-element-3ed208d e-flex e-con-boxed e-con e-parent\" data-id=\"3ed208d\" data-element_type=\"container\" data-e-type=\"container\">\n\t\t\t\t\t<div class=\"e-con-inner\">\n\t\t<div class=\"elementor-element elementor-element-b41ec7e e-con-full e-flex e-con e-child\" data-id=\"b41ec7e\" data-element_type=\"container\" data-e-type=\"container\">\n\t\t\t\t<div class=\"elementor-element elementor-element-fad1949 elementor-grid-3 elementor-grid-tablet-2 elementor-grid-mobile-1 elementor-posts--thumbnail-top elementor-posts--show-avatar elementor-card-shadow-yes elementor-posts__hover-gradient elementor-widget elementor-widget-posts\" data-id=\"fad1949\" data-element_type=\"widget\" data-e-type=\"widget\" data-settings=\"{&quot;cards_row_gap&quot;:{&quot;unit&quot;:&quot;px&quot;,&quot;size&quot;:25,&quot;sizes&quot;:[]},&quot;pagination_type&quot;:&quot;numbers_and_prev_next&quot;,&quot;cards_columns&quot;:&quot;3&quot;,&quot;cards_columns_tablet&quot;:&quot;2&quot;,&quot;cards_columns_mobile&quot;:&quot;1&quot;,&quot;cards_row_gap_tablet&quot;:{&quot;unit&quot;:&quot;px&quot;,&quot;size&quot;:&quot;&quot;,&quot;sizes&quot;:[]},&quot;cards_row_gap_mobile&quot;:{&quot;unit&quot;:&quot;px&quot;,&quot;size&quot;:&quot;&quot;,&quot;sizes&quot;:[]}}\" data-widget_type=\"posts.cards\">\n\t\t\t\t<div class=\"elementor-widget-container\">\n\t\t\t\t\t\t\t<div class=\"elementor-posts-container elementor-posts elementor-posts--skin-cards elementor-grid\" role=\"list\">\n\t\t\t\t<article class=\"elementor-post elementor-grid-item post-8025 post type-post status-publish format-standard has-post-thumbnail hentry category-cidadania-italiana\" role=\"listitem\">\n\t\t\t<div class=\"elementor-post__card\">\n\t\t\t\t<a class=\"elementor-post__thumbnail__link\" href=\"https:\/\/diasediasadvogados.com.br\/blog\/dupla-cidadania-italiana\/\" tabindex=\"-1\"><div class=\"elementor-post__thumbnail\"><img fetchpriority=\"high\" decoding=\"async\" width=\"2000\" height=\"1300\" src=\"https:\/\/diasediasadvogados.com.br\/blog\/wp-content\/uploads\/2026\/04\/Cidadania-italiana-e-dupla-nacionalidade-existe-algum-risco.jpg\" class=\"attachment-full size-full wp-image-8027\" alt=\"Cidadania italiana e dupla nacionalidade existe algum risco\" srcset=\"https:\/\/diasediasadvogados.com.br\/blog\/wp-content\/uploads\/2026\/04\/Cidadania-italiana-e-dupla-nacionalidade-existe-algum-risco.jpg 2000w, https:\/\/diasediasadvogados.com.br\/blog\/wp-content\/uploads\/2026\/04\/Cidadania-italiana-e-dupla-nacionalidade-existe-algum-risco-300x195.jpg 300w, https:\/\/diasediasadvogados.com.br\/blog\/wp-content\/uploads\/2026\/04\/Cidadania-italiana-e-dupla-nacionalidade-existe-algum-risco-1024x666.jpg 1024w, https:\/\/diasediasadvogados.com.br\/blog\/wp-content\/uploads\/2026\/04\/Cidadania-italiana-e-dupla-nacionalidade-existe-algum-risco-768x499.jpg 768w, https:\/\/diasediasadvogados.com.br\/blog\/wp-content\/uploads\/2026\/04\/Cidadania-italiana-e-dupla-nacionalidade-existe-algum-risco-1536x998.jpg 1536w\" sizes=\"(max-width: 2000px) 100vw, 2000px\" title=\"\"><\/div><\/a>\n\t\t\t\t<div class=\"elementor-post__badge\">Cidadania Italiana<\/div>\n\t\t\t\t<div class=\"elementor-post__avatar\">\n\t\t\t<img decoding=\"async\" alt=\"Reda\u00e7\u00e3o\" src=\"https:\/\/diasediasadvogados.com.br\/blog\/wp-content\/litespeed\/avatar\/b22afbaffac43bc6ae1aaf3dcbc94652.jpg?ver=1778118998\" srcset=\"https:\/\/diasediasadvogados.com.br\/blog\/wp-content\/litespeed\/avatar\/f58a2d82d2753a87f4c6ae2cc649743b.jpg?ver=1778118998 2x\" class=\"avatar avatar-128 photo\" height=\"128\" width=\"128\" title=\"\">\t\t<\/div>\n\t\t\t\t<div class=\"elementor-post__text\">\n\t\t\t\t<h3 class=\"elementor-post__title\">\n\t\t\t<a href=\"https:\/\/diasediasadvogados.com.br\/blog\/dupla-cidadania-italiana\/\">\n\t\t\t\tCidadania italiana e dupla nacionalidade: existe algum risco?\t\t\t<\/a>\n\t\t<\/h3>\n\t\t\t\t<div class=\"elementor-post__excerpt\">\n\t\t\t<p>A dupla cidadania italiana \u00e9 uma op\u00e7\u00e3o que \u00e9 v\u00e1lida pela legisla\u00e7\u00e3o da It\u00e1lia e tamb\u00e9m \u00e9 reconhecida pelo Brasil,<\/p>\n\t\t<\/div>\n\t\t\t\t\t<div class=\"elementor-post__read-more-wrapper\">\n\t\t\n\t\t<a class=\"elementor-post__read-more\" href=\"https:\/\/diasediasadvogados.com.br\/blog\/dupla-cidadania-italiana\/\" aria-label=\"Leia mais sobre Cidadania italiana e dupla nacionalidade: existe algum risco?\" tabindex=\"-1\">\n\t\t\tLeia mais \u00bb\t\t<\/a>\n\n\t\t\t\t\t<\/div>\n\t\t\t\t<\/div>\n\t\t\t\t<div class=\"elementor-post__meta-data\">\n\t\t\t\t\t<span class=\"elementor-post-date\">\n\t\t\t5 de maio de 2026\t\t<\/span>\n\t\t\t\t<span class=\"elementor-post-avatar\">\n\t\t\tNenhum coment\u00e1rio\t\t<\/span>\n\t\t\t\t<\/div>\n\t\t\t\t\t<\/div>\n\t\t<\/article>\n\t\t\t\t<article class=\"elementor-post elementor-grid-item post-8018 post type-post status-publish format-standard has-post-thumbnail hentry category-cidadania-italiana\" role=\"listitem\">\n\t\t\t<div class=\"elementor-post__card\">\n\t\t\t\t<a class=\"elementor-post__thumbnail__link\" href=\"https:\/\/diasediasadvogados.com.br\/blog\/cidadania-italiana-filhos-menores\/\" tabindex=\"-1\"><div class=\"elementor-post__thumbnail\"><img decoding=\"async\" width=\"2000\" height=\"1300\" src=\"https:\/\/diasediasadvogados.com.br\/blog\/wp-content\/uploads\/2026\/05\/Cidadania-italiana-e-filhos-menores-como-funciona-o-reconhecimento.jpg\" class=\"attachment-full size-full wp-image-8022\" alt=\"Cidadania italiana e filhos menores como funciona o reconhecimento\" srcset=\"https:\/\/diasediasadvogados.com.br\/blog\/wp-content\/uploads\/2026\/05\/Cidadania-italiana-e-filhos-menores-como-funciona-o-reconhecimento.jpg 2000w, https:\/\/diasediasadvogados.com.br\/blog\/wp-content\/uploads\/2026\/05\/Cidadania-italiana-e-filhos-menores-como-funciona-o-reconhecimento-300x195.jpg 300w, https:\/\/diasediasadvogados.com.br\/blog\/wp-content\/uploads\/2026\/05\/Cidadania-italiana-e-filhos-menores-como-funciona-o-reconhecimento-1024x666.jpg 1024w, https:\/\/diasediasadvogados.com.br\/blog\/wp-content\/uploads\/2026\/05\/Cidadania-italiana-e-filhos-menores-como-funciona-o-reconhecimento-768x499.jpg 768w, https:\/\/diasediasadvogados.com.br\/blog\/wp-content\/uploads\/2026\/05\/Cidadania-italiana-e-filhos-menores-como-funciona-o-reconhecimento-1536x998.jpg 1536w\" sizes=\"(max-width: 2000px) 100vw, 2000px\" title=\"\"><\/div><\/a>\n\t\t\t\t<div class=\"elementor-post__badge\">Cidadania Italiana<\/div>\n\t\t\t\t<div class=\"elementor-post__avatar\">\n\t\t\t<img decoding=\"async\" alt=\"Reda\u00e7\u00e3o\" src=\"https:\/\/diasediasadvogados.com.br\/blog\/wp-content\/litespeed\/avatar\/b22afbaffac43bc6ae1aaf3dcbc94652.jpg?ver=1778118998\" srcset=\"https:\/\/diasediasadvogados.com.br\/blog\/wp-content\/litespeed\/avatar\/f58a2d82d2753a87f4c6ae2cc649743b.jpg?ver=1778118998 2x\" class=\"avatar avatar-128 photo\" height=\"128\" width=\"128\" title=\"\">\t\t<\/div>\n\t\t\t\t<div class=\"elementor-post__text\">\n\t\t\t\t<h3 class=\"elementor-post__title\">\n\t\t\t<a href=\"https:\/\/diasediasadvogados.com.br\/blog\/cidadania-italiana-filhos-menores\/\">\n\t\t\t\tCidadania italiana e filhos menores: como funciona o reconhecimento?\t\t\t<\/a>\n\t\t<\/h3>\n\t\t\t\t<div class=\"elementor-post__excerpt\">\n\t\t\t<p>A cidadania italiana filhos menores \u00e9 um assunto importante para lares que buscam repassar o direito de nacionalidade aos seus<\/p>\n\t\t<\/div>\n\t\t\t\t\t<div class=\"elementor-post__read-more-wrapper\">\n\t\t\n\t\t<a class=\"elementor-post__read-more\" href=\"https:\/\/diasediasadvogados.com.br\/blog\/cidadania-italiana-filhos-menores\/\" aria-label=\"Leia mais sobre Cidadania italiana e filhos menores: como funciona o reconhecimento?\" tabindex=\"-1\">\n\t\t\tLeia mais \u00bb\t\t<\/a>\n\n\t\t\t\t\t<\/div>\n\t\t\t\t<\/div>\n\t\t\t\t<div class=\"elementor-post__meta-data\">\n\t\t\t\t\t<span class=\"elementor-post-date\">\n\t\t\t1 de maio de 2026\t\t<\/span>\n\t\t\t\t<span class=\"elementor-post-avatar\">\n\t\t\tNenhum coment\u00e1rio\t\t<\/span>\n\t\t\t\t<\/div>\n\t\t\t\t\t<\/div>\n\t\t<\/article>\n\t\t\t\t<article class=\"elementor-post elementor-grid-item post-8012 post type-post status-publish format-standard has-post-thumbnail hentry category-cidadania-italiana\" role=\"listitem\">\n\t\t\t<div class=\"elementor-post__card\">\n\t\t\t\t<a class=\"elementor-post__thumbnail__link\" href=\"https:\/\/diasediasadvogados.com.br\/blog\/documentos-antigos-cidadania-italiana\/\" tabindex=\"-1\"><div class=\"elementor-post__thumbnail\"><img loading=\"lazy\" decoding=\"async\" width=\"2000\" height=\"1300\" src=\"https:\/\/diasediasadvogados.com.br\/blog\/wp-content\/uploads\/2026\/04\/Cidadania-italiana-e-registro-civil-antigo-documentos-do-seculo-XIX-ainda-valem.jpg\" class=\"attachment-full size-full wp-image-8013\" alt=\"Cidadania italiana e registro civil antigo documentos do s\u00e9culo XIX ainda valem\" srcset=\"https:\/\/diasediasadvogados.com.br\/blog\/wp-content\/uploads\/2026\/04\/Cidadania-italiana-e-registro-civil-antigo-documentos-do-seculo-XIX-ainda-valem.jpg 2000w, https:\/\/diasediasadvogados.com.br\/blog\/wp-content\/uploads\/2026\/04\/Cidadania-italiana-e-registro-civil-antigo-documentos-do-seculo-XIX-ainda-valem-300x195.jpg 300w, https:\/\/diasediasadvogados.com.br\/blog\/wp-content\/uploads\/2026\/04\/Cidadania-italiana-e-registro-civil-antigo-documentos-do-seculo-XIX-ainda-valem-1024x666.jpg 1024w, https:\/\/diasediasadvogados.com.br\/blog\/wp-content\/uploads\/2026\/04\/Cidadania-italiana-e-registro-civil-antigo-documentos-do-seculo-XIX-ainda-valem-768x499.jpg 768w, https:\/\/diasediasadvogados.com.br\/blog\/wp-content\/uploads\/2026\/04\/Cidadania-italiana-e-registro-civil-antigo-documentos-do-seculo-XIX-ainda-valem-1536x998.jpg 1536w\" sizes=\"(max-width: 2000px) 100vw, 2000px\" title=\"\"><\/div><\/a>\n\t\t\t\t<div class=\"elementor-post__badge\">Cidadania Italiana<\/div>\n\t\t\t\t<div class=\"elementor-post__avatar\">\n\t\t\t<img decoding=\"async\" alt=\"Reda\u00e7\u00e3o\" src=\"https:\/\/diasediasadvogados.com.br\/blog\/wp-content\/litespeed\/avatar\/b22afbaffac43bc6ae1aaf3dcbc94652.jpg?ver=1778118998\" srcset=\"https:\/\/diasediasadvogados.com.br\/blog\/wp-content\/litespeed\/avatar\/f58a2d82d2753a87f4c6ae2cc649743b.jpg?ver=1778118998 2x\" class=\"avatar avatar-128 photo\" height=\"128\" width=\"128\" title=\"\">\t\t<\/div>\n\t\t\t\t<div class=\"elementor-post__text\">\n\t\t\t\t<h3 class=\"elementor-post__title\">\n\t\t\t<a href=\"https:\/\/diasediasadvogados.com.br\/blog\/documentos-antigos-cidadania-italiana\/\">\n\t\t\t\tCidadania italiana e registro civil antigo: documentos do s\u00e9culo XIX ainda valem?\t\t\t<\/a>\n\t\t<\/h3>\n\t\t\t\t<div class=\"elementor-post__excerpt\">\n\t\t\t<p>Documentos antigos cidadania italiana podem ser usados no procedimento de reconhecimento, desde que sejam verdadeiros, claros e v\u00e1lidos juridicamente, mesmo<\/p>\n\t\t<\/div>\n\t\t\t\t\t<div class=\"elementor-post__read-more-wrapper\">\n\t\t\n\t\t<a class=\"elementor-post__read-more\" href=\"https:\/\/diasediasadvogados.com.br\/blog\/documentos-antigos-cidadania-italiana\/\" aria-label=\"Leia mais sobre Cidadania italiana e registro civil antigo: documentos do s\u00e9culo XIX ainda valem?\" tabindex=\"-1\">\n\t\t\tLeia mais \u00bb\t\t<\/a>\n\n\t\t\t\t\t<\/div>\n\t\t\t\t<\/div>\n\t\t\t\t<div class=\"elementor-post__meta-data\">\n\t\t\t\t\t<span class=\"elementor-post-date\">\n\t\t\t22 de abril de 2026\t\t<\/span>\n\t\t\t\t<span class=\"elementor-post-avatar\">\n\t\t\tNenhum coment\u00e1rio\t\t<\/span>\n\t\t\t\t<\/div>\n\t\t\t\t\t<\/div>\n\t\t<\/article>\n\t\t\t\t<article class=\"elementor-post elementor-grid-item post-8006 post type-post status-publish format-standard has-post-thumbnail hentry category-cidadania-italiana category-familia\" role=\"listitem\">\n\t\t\t<div class=\"elementor-post__card\">\n\t\t\t\t<a class=\"elementor-post__thumbnail__link\" href=\"https:\/\/diasediasadvogados.com.br\/blog\/reconhecimento-tardio-cidadania-italiana\/\" tabindex=\"-1\"><div class=\"elementor-post__thumbnail\"><img loading=\"lazy\" decoding=\"async\" width=\"2000\" height=\"1300\" src=\"https:\/\/diasediasadvogados.com.br\/blog\/wp-content\/uploads\/2026\/04\/Cidadania-italiana-e-reconhecimento-tardio-de-paternidade-e-possivel.jpg\" class=\"attachment-full size-full wp-image-8008\" alt=\"Cidadania italiana e reconhecimento tardio de paternidade \u00e9 poss\u00edvel\" srcset=\"https:\/\/diasediasadvogados.com.br\/blog\/wp-content\/uploads\/2026\/04\/Cidadania-italiana-e-reconhecimento-tardio-de-paternidade-e-possivel.jpg 2000w, https:\/\/diasediasadvogados.com.br\/blog\/wp-content\/uploads\/2026\/04\/Cidadania-italiana-e-reconhecimento-tardio-de-paternidade-e-possivel-300x195.jpg 300w, https:\/\/diasediasadvogados.com.br\/blog\/wp-content\/uploads\/2026\/04\/Cidadania-italiana-e-reconhecimento-tardio-de-paternidade-e-possivel-1024x666.jpg 1024w, https:\/\/diasediasadvogados.com.br\/blog\/wp-content\/uploads\/2026\/04\/Cidadania-italiana-e-reconhecimento-tardio-de-paternidade-e-possivel-768x499.jpg 768w, https:\/\/diasediasadvogados.com.br\/blog\/wp-content\/uploads\/2026\/04\/Cidadania-italiana-e-reconhecimento-tardio-de-paternidade-e-possivel-1536x998.jpg 1536w\" sizes=\"(max-width: 2000px) 100vw, 2000px\" title=\"\"><\/div><\/a>\n\t\t\t\t<div class=\"elementor-post__badge\">Cidadania Italiana<\/div>\n\t\t\t\t<div class=\"elementor-post__avatar\">\n\t\t\t<img decoding=\"async\" alt=\"Reda\u00e7\u00e3o\" src=\"https:\/\/diasediasadvogados.com.br\/blog\/wp-content\/litespeed\/avatar\/b22afbaffac43bc6ae1aaf3dcbc94652.jpg?ver=1778118998\" srcset=\"https:\/\/diasediasadvogados.com.br\/blog\/wp-content\/litespeed\/avatar\/f58a2d82d2753a87f4c6ae2cc649743b.jpg?ver=1778118998 2x\" class=\"avatar avatar-128 photo\" height=\"128\" width=\"128\" title=\"\">\t\t<\/div>\n\t\t\t\t<div class=\"elementor-post__text\">\n\t\t\t\t<h3 class=\"elementor-post__title\">\n\t\t\t<a href=\"https:\/\/diasediasadvogados.com.br\/blog\/reconhecimento-tardio-cidadania-italiana\/\">\n\t\t\t\tCidadania italiana e reconhecimento tardio de paternidade: \u00e9 poss\u00edvel?\t\t\t<\/a>\n\t\t<\/h3>\n\t\t\t\t<div class=\"elementor-post__excerpt\">\n\t\t\t<p>O reconhecimento tardio cidadania italiana pode permitir o acesso, desde que a filia\u00e7\u00e3o seja legalmente v\u00e1lida e tenha efeitos retroativos<\/p>\n\t\t<\/div>\n\t\t\t\t\t<div class=\"elementor-post__read-more-wrapper\">\n\t\t\n\t\t<a class=\"elementor-post__read-more\" href=\"https:\/\/diasediasadvogados.com.br\/blog\/reconhecimento-tardio-cidadania-italiana\/\" aria-label=\"Leia mais sobre Cidadania italiana e reconhecimento tardio de paternidade: \u00e9 poss\u00edvel?\" tabindex=\"-1\">\n\t\t\tLeia mais \u00bb\t\t<\/a>\n\n\t\t\t\t\t<\/div>\n\t\t\t\t<\/div>\n\t\t\t\t<div class=\"elementor-post__meta-data\">\n\t\t\t\t\t<span class=\"elementor-post-date\">\n\t\t\t16 de abril de 2026\t\t<\/span>\n\t\t\t\t<span class=\"elementor-post-avatar\">\n\t\t\tNenhum coment\u00e1rio\t\t<\/span>\n\t\t\t\t<\/div>\n\t\t\t\t\t<\/div>\n\t\t<\/article>\n\t\t\t\t<article class=\"elementor-post elementor-grid-item post-8000 post type-post status-publish format-standard has-post-thumbnail hentry category-cidadania-italiana category-familia\" role=\"listitem\">\n\t\t\t<div class=\"elementor-post__card\">\n\t\t\t\t<a class=\"elementor-post__thumbnail__link\" href=\"https:\/\/diasediasadvogados.com.br\/blog\/mudanca-de-nome-cidadania-italiana\/\" tabindex=\"-1\"><div class=\"elementor-post__thumbnail\"><img loading=\"lazy\" decoding=\"async\" width=\"2000\" height=\"1300\" src=\"https:\/\/diasediasadvogados.com.br\/blog\/wp-content\/uploads\/2026\/04\/Cidadania-italiana-e-mudanca-de-nome-isso-interfere-no-processo.jpg\" class=\"attachment-full size-full wp-image-8001\" alt=\"Cidadania italiana e mudan\u00e7a de nome isso interfere no processo\" srcset=\"https:\/\/diasediasadvogados.com.br\/blog\/wp-content\/uploads\/2026\/04\/Cidadania-italiana-e-mudanca-de-nome-isso-interfere-no-processo.jpg 2000w, https:\/\/diasediasadvogados.com.br\/blog\/wp-content\/uploads\/2026\/04\/Cidadania-italiana-e-mudanca-de-nome-isso-interfere-no-processo-300x195.jpg 300w, https:\/\/diasediasadvogados.com.br\/blog\/wp-content\/uploads\/2026\/04\/Cidadania-italiana-e-mudanca-de-nome-isso-interfere-no-processo-1024x666.jpg 1024w, https:\/\/diasediasadvogados.com.br\/blog\/wp-content\/uploads\/2026\/04\/Cidadania-italiana-e-mudanca-de-nome-isso-interfere-no-processo-768x499.jpg 768w, https:\/\/diasediasadvogados.com.br\/blog\/wp-content\/uploads\/2026\/04\/Cidadania-italiana-e-mudanca-de-nome-isso-interfere-no-processo-1536x998.jpg 1536w\" sizes=\"(max-width: 2000px) 100vw, 2000px\" title=\"\"><\/div><\/a>\n\t\t\t\t<div class=\"elementor-post__badge\">Cidadania Italiana<\/div>\n\t\t\t\t<div class=\"elementor-post__avatar\">\n\t\t\t<img decoding=\"async\" alt=\"Reda\u00e7\u00e3o\" src=\"https:\/\/diasediasadvogados.com.br\/blog\/wp-content\/litespeed\/avatar\/b22afbaffac43bc6ae1aaf3dcbc94652.jpg?ver=1778118998\" srcset=\"https:\/\/diasediasadvogados.com.br\/blog\/wp-content\/litespeed\/avatar\/f58a2d82d2753a87f4c6ae2cc649743b.jpg?ver=1778118998 2x\" class=\"avatar avatar-128 photo\" height=\"128\" width=\"128\" title=\"\">\t\t<\/div>\n\t\t\t\t<div class=\"elementor-post__text\">\n\t\t\t\t<h3 class=\"elementor-post__title\">\n\t\t\t<a href=\"https:\/\/diasediasadvogados.com.br\/blog\/mudanca-de-nome-cidadania-italiana\/\">\n\t\t\t\tCidadania italiana e mudan\u00e7a de nome: isso interfere no processo?\t\t\t<\/a>\n\t\t<\/h3>\n\t\t\t\t<div class=\"elementor-post__excerpt\">\n\t\t\t<p>A mudan\u00e7a de nome cidadania italiana n\u00e3o obstrui o reconhecimento do direito, mas requer uma consist\u00eancia documental rigorosa para validar<\/p>\n\t\t<\/div>\n\t\t\t\t\t<div class=\"elementor-post__read-more-wrapper\">\n\t\t\n\t\t<a class=\"elementor-post__read-more\" href=\"https:\/\/diasediasadvogados.com.br\/blog\/mudanca-de-nome-cidadania-italiana\/\" aria-label=\"Leia mais sobre Cidadania italiana e mudan\u00e7a de nome: isso interfere no processo?\" tabindex=\"-1\">\n\t\t\tLeia mais \u00bb\t\t<\/a>\n\n\t\t\t\t\t<\/div>\n\t\t\t\t<\/div>\n\t\t\t\t<div class=\"elementor-post__meta-data\">\n\t\t\t\t\t<span class=\"elementor-post-date\">\n\t\t\t13 de abril de 2026\t\t<\/span>\n\t\t\t\t<span class=\"elementor-post-avatar\">\n\t\t\tNenhum coment\u00e1rio\t\t<\/span>\n\t\t\t\t<\/div>\n\t\t\t\t\t<\/div>\n\t\t<\/article>\n\t\t\t\t<article class=\"elementor-post elementor-grid-item post-7993 post type-post status-publish format-standard has-post-thumbnail hentry category-cidadania-italiana category-familia\" role=\"listitem\">\n\t\t\t<div class=\"elementor-post__card\">\n\t\t\t\t<a class=\"elementor-post__thumbnail__link\" href=\"https:\/\/diasediasadvogados.com.br\/blog\/cidadania-italiana-adocao-direitos\/\" tabindex=\"-1\"><div class=\"elementor-post__thumbnail\"><img loading=\"lazy\" decoding=\"async\" width=\"2000\" height=\"1300\" src=\"https:\/\/diasediasadvogados.com.br\/blog\/wp-content\/uploads\/2026\/04\/Cidadania-italiana-e-adocao-filhos-adotivos-tem-direito.jpg\" class=\"attachment-full size-full wp-image-7996\" alt=\"Cidadania italiana e ado\u00e7\u00e3o filhos adotivos t\u00eam direito\" srcset=\"https:\/\/diasediasadvogados.com.br\/blog\/wp-content\/uploads\/2026\/04\/Cidadania-italiana-e-adocao-filhos-adotivos-tem-direito.jpg 2000w, https:\/\/diasediasadvogados.com.br\/blog\/wp-content\/uploads\/2026\/04\/Cidadania-italiana-e-adocao-filhos-adotivos-tem-direito-300x195.jpg 300w, https:\/\/diasediasadvogados.com.br\/blog\/wp-content\/uploads\/2026\/04\/Cidadania-italiana-e-adocao-filhos-adotivos-tem-direito-1024x666.jpg 1024w, https:\/\/diasediasadvogados.com.br\/blog\/wp-content\/uploads\/2026\/04\/Cidadania-italiana-e-adocao-filhos-adotivos-tem-direito-768x499.jpg 768w, https:\/\/diasediasadvogados.com.br\/blog\/wp-content\/uploads\/2026\/04\/Cidadania-italiana-e-adocao-filhos-adotivos-tem-direito-1536x998.jpg 1536w\" sizes=\"(max-width: 2000px) 100vw, 2000px\" title=\"\"><\/div><\/a>\n\t\t\t\t<div class=\"elementor-post__badge\">Cidadania Italiana<\/div>\n\t\t\t\t<div class=\"elementor-post__avatar\">\n\t\t\t<img decoding=\"async\" alt=\"Reda\u00e7\u00e3o\" src=\"https:\/\/diasediasadvogados.com.br\/blog\/wp-content\/litespeed\/avatar\/b22afbaffac43bc6ae1aaf3dcbc94652.jpg?ver=1778118998\" srcset=\"https:\/\/diasediasadvogados.com.br\/blog\/wp-content\/litespeed\/avatar\/f58a2d82d2753a87f4c6ae2cc649743b.jpg?ver=1778118998 2x\" class=\"avatar avatar-128 photo\" height=\"128\" width=\"128\" title=\"\">\t\t<\/div>\n\t\t\t\t<div class=\"elementor-post__text\">\n\t\t\t\t<h3 class=\"elementor-post__title\">\n\t\t\t<a href=\"https:\/\/diasediasadvogados.com.br\/blog\/cidadania-italiana-adocao-direitos\/\">\n\t\t\t\tCidadania italiana e ado\u00e7\u00e3o: filhos adotivos t\u00eam direito?\t\t\t<\/a>\n\t\t<\/h3>\n\t\t\t\t<div class=\"elementor-post__excerpt\">\n\t\t\t<p>A cidadania italiana ado\u00e7\u00e3o \u00e9 um assunto que provoca diversas incertezas, principalmente entre as fam\u00edlias que buscam estabelecer um la\u00e7o<\/p>\n\t\t<\/div>\n\t\t\t\t\t<div class=\"elementor-post__read-more-wrapper\">\n\t\t\n\t\t<a class=\"elementor-post__read-more\" href=\"https:\/\/diasediasadvogados.com.br\/blog\/cidadania-italiana-adocao-direitos\/\" aria-label=\"Leia mais sobre Cidadania italiana e ado\u00e7\u00e3o: filhos adotivos t\u00eam direito?\" tabindex=\"-1\">\n\t\t\tLeia mais \u00bb\t\t<\/a>\n\n\t\t\t\t\t<\/div>\n\t\t\t\t<\/div>\n\t\t\t\t<div class=\"elementor-post__meta-data\">\n\t\t\t\t\t<span class=\"elementor-post-date\">\n\t\t\t8 de abril de 2026\t\t<\/span>\n\t\t\t\t<span class=\"elementor-post-avatar\">\n\t\t\tNenhum coment\u00e1rio\t\t<\/span>\n\t\t\t\t<\/div>\n\t\t\t\t\t<\/div>\n\t\t<\/article>\n\t\t\t\t<\/div>\n\t\t\n\t\t\t\t<div class=\"e-load-more-anchor\" data-page=\"1\" data-max-page=\"33\" data-next-page=\"https:\/\/diasediasadvogados.com.br\/blog\/wp-json\/wp\/v2\/pages\/2792\/page\/2\/\"><\/div>\n\t\t\t\t<nav class=\"elementor-pagination\" aria-label=\"Pagina\u00e7\u00e3o\">\n\t\t\t<span class=\"page-numbers prev\">&laquo; Anterior<\/span>\n<span aria-current=\"page\" class=\"page-numbers current\"><span class=\"elementor-screen-only\">P\u00e1gina<\/span>1<\/span>\n<a class=\"page-numbers\" href=\"https:\/\/diasediasadvogados.com.br\/blog\/wp-json\/wp\/v2\/pages\/2792\/page\/2\/\"><span class=\"elementor-screen-only\">P\u00e1gina<\/span>2<\/a>\n<a class=\"page-numbers\" href=\"https:\/\/diasediasadvogados.com.br\/blog\/wp-json\/wp\/v2\/pages\/2792\/page\/3\/\"><span class=\"elementor-screen-only\">P\u00e1gina<\/span>3<\/a>\n<span class=\"page-numbers dots\">&hellip;<\/span>\n<a class=\"page-numbers\" href=\"https:\/\/diasediasadvogados.com.br\/blog\/wp-json\/wp\/v2\/pages\/2792\/page\/33\/\"><span class=\"elementor-screen-only\">P\u00e1gina<\/span>33<\/a>\n<a class=\"page-numbers next\" href=\"https:\/\/diasediasadvogados.com.br\/blog\/wp-json\/wp\/v2\/pages\/2792\/page\/2\/\">Pr\u00f3ximo &raquo;<\/a>\t\t<\/nav>\n\t\t\t\t\t\t<\/div>\n\t\t\t\t<\/div>\n\t\t\t\t<\/div>\n\t\t\t\t\t<\/div>\n\t\t\t\t<\/div>\n\t\t<div class=\"elementor-element elementor-element-c5adbf3 e-flex e-con-boxed e-con e-parent\" data-id=\"c5adbf3\" data-element_type=\"container\" data-e-type=\"container\">\n\t\t\t\t\t<div class=\"e-con-inner\">\n\t\t\t\t\t<\/div>\n\t\t\t\t<\/div>\n\t\t\t\t<\/div>\n\t\t","protected":false},"excerpt":{"rendered":"","protected":false},"author":5,"featured_media":4514,"parent":0,"menu_order":0,"comment_status":"closed","ping_status":"closed","template":"elementor_header_footer","meta":{"footnotes":""},"class_list":["post-2792","page","type-page","status-publish","has-post-thumbnail","hentry"],"_links":{"self":[{"href":"https:\/\/diasediasadvogados.com.br\/blog\/wp-json\/wp\/v2\/pages\/2792","targetHints":{"allow":["GET"]}}],"collection":[{"href":"https:\/\/diasediasadvogados.com.br\/blog\/wp-json\/wp\/v2\/pages"}],"about":[{"href":"https:\/\/diasediasadvogados.com.br\/blog\/wp-json\/wp\/v2\/types\/page"}],"author":[{"embeddable":true,"href":"https:\/\/diasediasadvogados.com.br\/blog\/wp-json\/wp\/v2\/users\/5"}],"replies":[{"embeddable":true,"href":"https:\/\/diasediasadvogados.com.br\/blog\/wp-json\/wp\/v2\/comments?post=2792"}],"version-history":[{"count":85,"href":"https:\/\/diasediasadvogados.com.br\/blog\/wp-json\/wp\/v2\/pages\/2792\/revisions"}],"predecessor-version":[{"id":7990,"href":"https:\/\/diasediasadvogados.com.br\/blog\/wp-json\/wp\/v2\/pages\/2792\/revisions\/7990"}],"wp:featuredmedia":[{"embeddable":true,"href":"https:\/\/diasediasadvogados.com.br\/blog\/wp-json\/wp\/v2\/media\/4514"}],"wp:attachment":[{"href":"https:\/\/diasediasadvogados.com.br\/blog\/wp-json\/wp\/v2\/media?parent=2792"}],"curies":[{"name":"wp","href":"https:\/\/api.w.org\/{rel}","templated":true}]}}